{"id":2,"date":"2010-01-21T14:40:49","date_gmt":"2010-01-21T13:40:49","guid":{"rendered":"http:\/\/www.horsdoeuvre.fr\/?page_id=2"},"modified":"2024-01-05T15:54:14","modified_gmt":"2024-01-05T14:54:14","slug":"a-propos-l-equipe","status":"publish","type":"page","link":"https:\/\/www.horsdoeuvre.fr\/ru\/a-propos-l-equipe\/","title":{"rendered":"L&#8217;\u00e9quipe"},"content":{"rendered":"<p><a href=\"https:\/\/www.horsdoeuvre.fr\/author\/redachef\"><em><strong>Caroline Bodin<\/strong><\/em><\/a><\/p>\n<p style=\"text-align: justify;\">Tout d\u2019abord, je ne parlerai pas de moi \u00e0 la 3\u00e8me personne, et pourtant je suis journaliste et j\u2019aime le singulier. La musique des mots, la m\u00e9lodie des saveurs et des parfums, l\u2019accord somptueux d\u2019un vin ; voil\u00e0 ce que m\u2019anime et ce que j\u2019aime \u00e0 transcrire. Actualit\u00e9s, travail sur la photographie, chroniques de disques et portraits, livres de cuisine, guide gastronomique, notes d\u2019humeur \u00e0 rayer le papier : secouez, m\u00e9langez et vous me trouverez ! L\u2019envie que j\u2019avais de ce Hors d\u2019\u0153uvre \u00e9tait logique et a fini par se concr\u00e9tiser\u2026 Au fil du temps et de belles rencontres (amicales et professionnelles), l\u2019\u00e9quipe d\u2019HdO s\u2019est constitu\u00e9e et c\u2019est un grand plaisir pour moi de les laisser ici s\u2019exprimer.<\/p>\n<p><em><a href=\"https:\/\/www.horsdoeuvre.fr\/author\/emilie-paul\/\"><strong>Emilie Paul<\/strong><\/a><\/em><\/p>\n<p style=\"text-align: justify;\"><!-- @page { size: 21cm 29.7cm; margin: 2cm } P { margin-bottom: 0.21cm } -->Un repas chaleureux entre amis dans un bon resto de quartier, la cuisine savoureuse de ma s\u0153ur a\u00een\u00e9e, un nouvel album qui s\u2019\u00e9coute en boucle jusqu\u2019\u00e0 l\u2019aube, des d\u00e9bats sans fin sur les Beatles et les Stones, des m\u00e9lodies et accords barr\u00e9s qui font ressurgir une kyrielle de souvenirs\u2026 J\u2019aime l\u2019\u00e9motion sans cesse renouvel\u00e9e que procurent tous ces moments de bonheurs sonores et gustatifs. Intenses, m\u00e9lancoliques, d\u00e9licats, d\u00e9routants, explosifs ou jubilatoires\u2026 Plus encore, de les partager. J\u2019aime aussi en parler, sans pr\u00e9tention aucune, mais avec le c\u0153ur et les tripes\u2026 D\u00e9fendre, au sein d\u2019HdO, avec toute la sinc\u00e9rit\u00e9 et la mauvaise foi possibles, mes coups de foudre et derni\u00e8res trouvailles, qu\u2019ils soient souterrains ou mainstream, sans chichis ni figures impos\u00e9es.<\/p>\n<p><em><strong>Bertrand No\u00ebl<\/strong><\/em><\/p>\n<p style=\"text-align: justify;\">Bertrand No\u00ebl est un photographe ind\u00e9pendant bas\u00e9 \u00e0 Paris. Sp\u00e9cialis\u00e9 dans le portrait, il travaille \u00e9galement sur des s\u00e9ries artistiques en tant que photographe plasticien et a notamment remport\u00e9 le prix SFR Jeunes Talents pour les rencontres d&#8217;Arles. Passionn\u00e9 de musique et musicien \u00e0 ses heures, il rend visible pour\u00a0<a href=\"https:\/\/www.horsdoeuvre.fr\/\" data-saferedirecturl=\"https:\/\/www.google.com\/url?q=https:\/\/www.horsdoeuvre.fr&amp;source=gmail&amp;ust=1556884013947000&amp;usg=AFQjCNEAT3cBEEwI6MbLcJU6vi6K7rc35g\">www.horsdoeuvre.fr<\/a>\u00a0l&#8217;essence m\u00eame des artistes interview\u00e9s.<br \/>\n<a href=\"http:\/\/www.bertrandnoel.com\/\" target=\"_blank\" rel=\"noopener noreferrer\" data-saferedirecturl=\"https:\/\/www.google.com\/url?q=http:\/\/www.bertrandnoel.com&amp;source=gmail&amp;ust=1556884013947000&amp;usg=AFQjCNHw-uggXc-1NhnFubPMrE1qPKlNuA\">www.bertrandnoel.com<\/a><\/p>\n<p><a href=\"https:\/\/www.horsdoeuvre.fr\/author\/theophraste-m\"><em><strong>Th\u00e9ophraste M.<\/strong><\/em><\/a><\/p>\n<p style=\"text-align: justify;\">Apr\u00e8s des \u00e9tudes de design, Theophraste M. s\u2019est tout naturellement int\u00e9ress\u00e9 \u00e0 la toile et \u00e0 ses infinies possibilit\u00e9s. Imagerie victorienne, films de s\u00e9rie B, d\u00e9lires \u00e0 la Terry Gilliams ou po\u00e9sie lunaire d\u2019\u00ab\u00a0illusionniste\u00a0\u00bb sont autant de facettes \u00e0 sa palette graphique. Pratique, il est aussi webmaster, int\u00e9grateur et a pour le r\u00e9f\u00e9rencement toute la passion d\u2019un Docteur \u00e8s flux. <a title=\"hors-d'oeuvre\" href=\"https:\/\/www.horsdoeuvre.fr\/\">www.horsdoeuvre.fr<\/a> lui doit beaucoup\u2026<\/p>\n<p style=\"text-align: justify;\"><em><strong>Delia Roubtsova<\/strong><\/em><\/p>\n<p style=\"text-align: justify;\">Com\u00e9dienne et interpr\u00e8te trilingue (russe, fran\u00e7ais, anglais) Delia Roubtsova travaille avec des metteurs en sc\u00e8ne d&#8217;op\u00e9ra et de th\u00e9\u00e2tre en France et \u00e0 l&#8217;\u00e9tranger, elle a r\u00e9cemment jou\u00e9 dans Kyoto Forever, une pi\u00e8ce de Fr\u00e9d\u00e9ric Ferrer.<\/p>\n<p style=\"text-align: justify;\"><a href=\"https:\/\/www.horsdoeuvre.fr\/tag\/caroline-docq\"><em><strong>Caroline Docq<\/strong><\/em><\/a><\/p>\n<p style=\"text-align: justify;\">Graphiste &amp; directrice artistique 360\u00b0, j\u2019aime les concepts b\u00e9tons, le design efficace, les afterworks avec les coll\u00e8gues, les typos et les nouvelles technologies. Le print, le digital, la vid\u00e9o, la photo de live, les illustrations : rien ne me fait peur ! Mis \u00e0 part \u00e7a, j&#8217;ai un faible pour Nietzsche, Yves Klein, Unica Z\u00fcrn et la musique \u00e9lectro&#8230;<\/p>\n<p><a href=\"https:\/\/www.caroo.org\/\" target=\"_blank\" rel=\"noopener noreferrer\">www.caroo.org\/<\/a><\/p>\n<div>\n<p><strong>COLLABORENT EGALEMENT :<\/strong><\/p>\n<p><a href=\"https:\/\/www.horsdoeuvre.fr\/author\/bruno-delancre\"><em><strong>Bruno Delangre &#8212; G\u00e9meaux<\/strong><\/em><\/a><\/p>\n<p style=\"text-align: justify;\"><em>Face nord<\/em> : ex journaliste radio et presse magazine, auteur de 5 guides touristiques.<br \/>\n<em>Face sud<\/em> : f\u00eatard (tendance rabelaisien), ex transformiste (\u00ab impersonator \u00bb) et pourtant fin comme un haricot vert extra-fin (n\u2019a jamais mang\u00e9 le gras du jambon de Parme\u2026), restaurateur authentique, d\u00e9fenseur de la bonne bouffe et du bon jaja qui va avec.<br \/>\n<em>Les 4 points cardinaux<\/em> : le bio (le vrai), le naturel (le vrai), le fait maison (le vrai) et le saisonnier.<br \/>\nPS : les termes \u00ab huile de palme \u00bb et &#171;E avec des chiffres derri\u00e8re \u00bb me donnent envie de frapper !<\/p>\n<p><a href=\"https:\/\/www.horsdoeuvre.fr\/author\/elise-guillon\/\"><em><strong>Elise Guillon<\/strong><\/em><\/a><\/p>\n<p style=\"text-align: justify;\">Dipl\u00f4m\u00e9e en histoire, sciences politiques et m\u00e9tiers de l\u2019\u00e9dition, j\u2019ai une &#171;grosse&#187; pr\u00e9dilection pour la litt\u00e9rature, le fromage et la pop anglaise (ensemble ou s\u00e9par\u00e9ment)\u00a0! Les romans de Jonathan Coe, de Marcel Proust, de\u00a0Virginia Woolf, de Maylis de Kerangal, la fourme d\u2019Ambert, les Stones, The Divine Comedy\u2026 Tout, tout, tout, vous saurez tout sur mes coups de c\u0153ur. La culture, les \u00ab\u00a0sous-cultures\u00a0\u00bb, la \u00ab\u00a0contre-culture\u00a0\u00bb, mais aussi la soie, les rubans, la libert\u00e9 quand elle rime avec Liberty,\u00a0les parfums troublants des jardins anglais&#8230;\u00a0Autrement dit,\u00a0la\u00a0douce frivolit\u00e9\u00a0ET le sel de la vie\u00a0! Dilettante\u00a0? Non, curieuse\u00a0!<\/p>\n<p><em><strong><a href=\"https:\/\/www.horsdoeuvre.fr\/author\/franck-altmeyer\">Franck Altmeyer<\/a><\/strong><\/em><\/p>\n<p style=\"text-align: justify;\">R\u00e9dacteur web, documentaliste audiovisuel, recherchiste et iconographe. Pour horsdoeuvre.fr : expos, chroniques, articles, interviews, Live-report&#8230; Le rock et le cin\u00e9ma, l&#8217;image et la culture donc. A part \u00e7a, je tente de devenir le nouveau Michael Phelps.<\/p>\n<p><em><strong>Guillaume Lancestre<\/strong><\/em><\/p>\n<p style=\"text-align: justify;\">D\u2019abord assistant de la photographe de mode Sophie Delaporte (Dior, Vogue, Galliano), <strong>Guillaume Lancestre<\/strong> a travaill\u00e9 pour\u00a0l&#8217;agence de presse Story Box Photos pour laquelle il a r\u00e9alis\u00e9 des reportages, des photos de tournages, d&#8217;\u00e9missions, de concerts&#8230; Passionn\u00e9 de th\u00e9\u00e2tre, de l\u2019expression du vivant, il collabore r\u00e9guli\u00e8rement avec les Cours Florent, ce qui lui a permis d\u2019approcher la photographie de spectacle et les portraits d\u2019acteurs.<\/p>\n<p><a href=\"http:\/\/www.guillaumelancestre.com\" target=\"_blank\" rel=\"noopener noreferrer\">www.guillaumelancestre.com<\/a><\/p>\n<p>Depuis 2011, il r\u00e9pond \u00e0 des appels \u00e0 projets et se concentre sur son travail personnel et sa r\u00e9flexion autour de l&#8217;image\u00a0: <a title=\"Photos par Guillaume Lancestre\" href=\"https:\/\/www.horsdoeuvre.fr\/musique\/monophonics-concert-et-interview\">www.horsdoeuvre.fr<\/a> n\u2019attendait plus que lui\u2026<\/p>\n<p class=\"western\"><a href=\"https:\/\/www.horsdoeuvre.fr\/author\/pamela-sharp\"><em><strong>Pamela Sharp<\/strong><\/em><\/a><\/p>\n<p class=\"western\">Professeur <strong>Pamela Sharp<\/strong>, docteur en \u00e9thologie, proctologie et litt\u00e9rature franco- n\u00e9palaise du 12<sup>\u00e8me<\/sup> si\u00e8cle.<\/p>\n<p>Hors d&#8217;oeuvre est list\u00e9 dans la cat\u00e9gorie <a href=\"http:\/\/www.webrankinfo.com\/annuaire\/cat-1-actualites-et-medias.htm\">Actualit\u00e9 et m\u00e9dias<\/a> : <a href=\"http:\/\/www.webrankinfo.com\/annuaire\/cat-16-journaux-et-magazines.htm\">Journal, magazine<\/a> dans <a href=\"http:\/\/www.webrankinfo.com\/\"><img loading=\"lazy\" decoding=\"async\" style=\"margin: 0;\" title=\"WebRankInfo\" src=\"http:\/\/www.webrankinfo.com\/images\/wri\/webrankinfo-80-15.png\" alt=\"referencement\" width=\"80\" height=\"15\" \/><\/a><\/p>\n<\/div>\n","protected":false},"excerpt":{"rendered":"<p>Caroline Bodin Tout d\u2019abord, je ne parlerai pas de moi \u00e0 la 3\u00e8me personne, et pourtant je suis journaliste et<\/p>\n","protected":false},"author":16,"featured_media":0,"parent":0,"menu_order":0,"comment_status":"open","ping_status":"open","template":"page-templates\/contact.php","meta":{"_acf_changed":false,"om_disable_all_campaigns":false,"_monsterinsights_skip_tracking":false,"_monsterinsights_sitenote_active":false,"_monsterinsights_sitenote_note":"","_monsterinsights_sitenote_category":0,"footnotes":""},"translation":{"provider":"WPGlobus","version":"3.0.2","language":"ru","enabled_languages":["fr","ru"],"languages":{"fr":{"title":true,"content":true,"excerpt":false},"ru":{"title":false,"content":false,"excerpt":false}}},"acf":[],"aioseo_notices":[],"_links":{"self":[{"href":"https:\/\/www.horsdoeuvre.fr\/ru\/wp-json\/wp\/v2\/pages\/2"}],"collection":[{"href":"https:\/\/www.horsdoeuvre.fr\/ru\/wp-json\/wp\/v2\/pages"}],"about":[{"href":"https:\/\/www.horsdoeuvre.fr\/ru\/wp-json\/wp\/v2\/types\/page"}],"author":[{"embeddable":true,"href":"https:\/\/www.horsdoeuvre.fr\/ru\/wp-json\/wp\/v2\/users\/16"}],"replies":[{"embeddable":true,"href":"https:\/\/www.horsdoeuvre.fr\/ru\/wp-json\/wp\/v2\/comments?post=2"}],"version-history":[{"count":88,"href":"https:\/\/www.horsdoeuvre.fr\/ru\/wp-json\/wp\/v2\/pages\/2\/revisions"}],"predecessor-version":[{"id":17252,"href":"https:\/\/www.horsdoeuvre.fr\/ru\/wp-json\/wp\/v2\/pages\/2\/revisions\/17252"}],"wp:attachment":[{"href":"https:\/\/www.horsdoeuvre.fr\/ru\/wp-json\/wp\/v2\/media?parent=2"}],"curies":[{"name":"wp","href":"https:\/\/api.w.org\/{rel}","templated":true}]}}